{"id":57,"date":"2014-07-18T14:18:15","date_gmt":"2014-07-18T15:18:15","guid":{"rendered":"http:\/\/dev.hebe.se\/webshop\/?page_id=57"},"modified":"2022-10-26T10:21:59","modified_gmt":"2022-10-26T08:21:59","slug":"login","status":"publish","type":"page","link":"https:\/\/www.hebe.se\/webshop\/hem\/login\/","title":{"rendered":"Kundinloggning"},"content":{"rendered":"<p>Anv\u00e4ndarnamn \u00e4r ert kundnummer hos oss (st\u00e5r p\u00e5 f\u00f6ljesedel alternativt faktura).<\/p>\n<p>L\u00f6senord f\u00e5r du ifr\u00e5n Hebe eller Kinnefrukt. Har du inte f\u00e5tt ett l\u00f6senord eller tappat bort det, s\u00e5 meddela bara kontoret s\u00e5 f\u00e5r du ett nytt.<br \/>\n&gt; <a href=\"\/kontakt\/\" target=\"_blank\" rel=\"noopener noreferrer\">Kontakta oss<\/a><\/p>\n<p>Efter att du matat in anv\u00e4ndarnamn och l\u00f6senord*) s\u00e5 trycker du p\u00e5 knappen<br \/>\nunder l\u00f6senordet f\u00f6r att komma vidare.<br \/>\n<i>*) Vanligaste orsaken till att l\u00f6senordet inte fungerar \u00e4r att du har &#8221;CAPS LOCK&#8221; intryckt p\u00e5 tangentbordet.<\/i><\/p>\n\n\t\t<form name=\"loginform\" id=\"loginform\" action=\"https:\/\/www.hebe.se\/webshop\/wp-login.php\" method=\"post\">\n\t\t\t\n\t\t\t<p class=\"login-username\">\n\t\t\t\t<label for=\"user_login\">Anv\u00e4ndarnamn<\/label>\n\t\t\t\t<input type=\"text\" name=\"log\" id=\"user_login\" class=\"input\" value=\"\" size=\"20\" \/>\n\t\t\t<\/p>\n\t\t\t<p class=\"login-password\">\n\t\t\t\t<label for=\"user_pass\">L\u00f6senord<\/label>\n\t\t\t\t<input type=\"password\" name=\"pwd\" id=\"user_pass\" class=\"input\" value=\"\" size=\"20\" \/>\n\t\t\t<\/p>\n\t\t\t\n\t\t\t<p class=\"login-remember\"><label><input name=\"rememberme\" type=\"checkbox\" id=\"rememberme\" value=\"forever\" checked=\"checked\" \/> Kom ih\u00e5g mig<\/label><\/p>\n\t\t\t<p class=\"login-submit\">\n\t\t\t\t<input type=\"submit\" name=\"wp-submit\" id=\"wp-submit\" class=\"button button-primary\" value=\"Logga in\" \/>\n\t\t\t\t<input type=\"hidden\" name=\"redirect_to\" value=\"https:\/\/www.hebe.se\/webshop\/webshop\/wp-json\/wp\/v2\/pages\/57\" \/>\n\t\t\t<\/p>\n\t\t\t\n\t\t<\/form>\n","protected":false},"excerpt":{"rendered":"<p>Anv\u00e4ndarnamn \u00e4r ert kundnummer hos oss (st\u00e5r p\u00e5 f\u00f6ljesedel alternativt faktura). L\u00f6senord f\u00e5r du ifr\u00e5n Hebe eller Kinnefrukt. Har du inte f\u00e5tt ett l\u00f6senord eller tappat bort det, s\u00e5 meddela bara kontoret s\u00e5 f\u00e5r du ett nytt. &gt; Kontakta oss Efter att du matat in anv\u00e4ndarnamn och l\u00f6senord*) s\u00e5 trycker du p\u00e5 knappen under l\u00f6senordet [&hellip;]<\/p>\n","protected":false},"author":1,"featured_media":0,"parent":224,"menu_order":0,"comment_status":"closed","ping_status":"closed","template":"","meta":[],"acf":[],"_links":{"self":[{"href":"https:\/\/www.hebe.se\/webshop\/wp-json\/wp\/v2\/pages\/57"}],"collection":[{"href":"https:\/\/www.hebe.se\/webshop\/wp-json\/wp\/v2\/pages"}],"about":[{"href":"https:\/\/www.hebe.se\/webshop\/wp-json\/wp\/v2\/types\/page"}],"author":[{"embeddable":true,"href":"https:\/\/www.hebe.se\/webshop\/wp-json\/wp\/v2\/users\/1"}],"replies":[{"embeddable":true,"href":"https:\/\/www.hebe.se\/webshop\/wp-json\/wp\/v2\/comments?post=57"}],"version-history":[{"count":4,"href":"https:\/\/www.hebe.se\/webshop\/wp-json\/wp\/v2\/pages\/57\/revisions"}],"predecessor-version":[{"id":79300,"href":"https:\/\/www.hebe.se\/webshop\/wp-json\/wp\/v2\/pages\/57\/revisions\/79300"}],"up":[{"embeddable":true,"href":"https:\/\/www.hebe.se\/webshop\/wp-json\/wp\/v2\/pages\/224"}],"wp:attachment":[{"href":"https:\/\/www.hebe.se\/webshop\/wp-json\/wp\/v2\/media?parent=57"}],"curies":[{"name":"wp","href":"https:\/\/api.w.org\/{rel}","templated":true}]}}