{"id":78703,"date":"2022-09-21T10:08:02","date_gmt":"2022-09-21T08:08:02","guid":{"rendered":"https:\/\/www.hebe.se\/webshop\/?page_id=78703"},"modified":"2022-09-21T10:08:02","modified_gmt":"2022-09-21T08:08:02","slug":"registrering","status":"publish","type":"page","link":"https:\/\/www.hebe.se\/webshop\/registrering\/","title":{"rendered":"Registrering"},"content":{"rendered":"\n<div ng-controller=\"CustomerRegisterCtrl\" ng-init='init({\"hours\":[{\"text\":\"00:00\",\"value\":0},{\"text\":\"00:30\",\"value\":0},{\"text\":\"01:00\",\"value\":1},{\"text\":\"01:30\",\"value\":1},{\"text\":\"02:00\",\"value\":2},{\"text\":\"02:30\",\"value\":2},{\"text\":\"03:00\",\"value\":3},{\"text\":\"03:30\",\"value\":3},{\"text\":\"04:00\",\"value\":4},{\"text\":\"04:30\",\"value\":4},{\"text\":\"05:00\",\"value\":5},{\"text\":\"05:30\",\"value\":5},{\"text\":\"06:00\",\"value\":6},{\"text\":\"06:30\",\"value\":6},{\"text\":\"07:00\",\"value\":7},{\"text\":\"07:30\",\"value\":7},{\"text\":\"08:00\",\"value\":8},{\"text\":\"08:30\",\"value\":8},{\"text\":\"09:00\",\"value\":9},{\"text\":\"09:30\",\"value\":9},{\"text\":\"10:00\",\"value\":10},{\"text\":\"10:30\",\"value\":10},{\"text\":\"11:00\",\"value\":11},{\"text\":\"11:30\",\"value\":11},{\"text\":\"12:00\",\"value\":12},{\"text\":\"12:30\",\"value\":12},{\"text\":\"13:00\",\"value\":13},{\"text\":\"13:30\",\"value\":13},{\"text\":\"14:00\",\"value\":14},{\"text\":\"14:30\",\"value\":14},{\"text\":\"15:00\",\"value\":15},{\"text\":\"15:30\",\"value\":15},{\"text\":\"16:00\",\"value\":16},{\"text\":\"16:30\",\"value\":16},{\"text\":\"17:00\",\"value\":17},{\"text\":\"17:30\",\"value\":17},{\"text\":\"18:00\",\"value\":18},{\"text\":\"18:30\",\"value\":18},{\"text\":\"19:00\",\"value\":19},{\"text\":\"19:30\",\"value\":19},{\"text\":\"20:00\",\"value\":20},{\"text\":\"20:30\",\"value\":20},{\"text\":\"21:00\",\"value\":21},{\"text\":\"21:30\",\"value\":21},{\"text\":\"22:00\",\"value\":22},{\"text\":\"22:30\",\"value\":22},{\"text\":\"23:00\",\"value\":23},{\"text\":\"23:30\",\"value\":23}]})'>\n    <h2>Ans\u00f6kan att bli kund till Hebe-Kinnefrukt<\/h2>\n    <h3 ng-show=\"sent\" style=\"color:green\"><i class=\"fas fa-check-circle\"><\/i> Formul\u00e4ret har skickats.<\/h3>\n    <form name=\"customerForm\" ng-hide=\"sent\">\n        <table>\n            <tbody>\n                <tr>\n                    <td colspan=\"2\" class=\"formHeader\">Kundnamn:<\/td>\n                    <td colspan=\"4\" class=\"formField\"><input type=\"text\" ng-model=\"form.customerName\" \/><\/td>\n                    <td colspan=\"2\"class=\"formHeader\">Bolagets juridiska namn:<\/td>\n                    <td colspan=\"4\" class=\"formField\"><input type=\"text\" ng-model=\"form.companyName\" \/><\/td>\n                <\/tr>\n                <tr>\n                    <td colspan=\"2\" class=\"formHeader\">Leveransadress:<\/td>\n                    <td colspan=\"4\" class=\"formField\"><input type=\"text\" ng-model=\"form.deliveryAddress\" \/><\/td>\n                    <td colspan=\"2\" class=\"formHeader\">Lev. Postnummer\/Ort:<\/td>\n                    <td colspan=\"4\" class=\"formField\"><input type=\"text\" ng-model=\"form.deliveryPostAddress\" \/><\/td>\n                <\/tr>\n                <tr>\n                    <td colspan=\"2\" class=\"formHeader\">Butikens Referensnr:<\/td>\n                    <td colspan=\"4\" class=\"formField\"><input type=\"text\" ng-model=\"form.reference\" \/><\/td>\n                    <td colspan=\"2\" class=\"formHeader\">Org.nummer<span style=\"color:red\">*<\/span>:<\/td>\n                    <td colspan=\"4\" class=\"formField\"><input type=\"text\" name=\"orgNumber\" ng-model=\"form.orgNumber\" ng-pattern=\"socialNumber\" ng-class=\"{'error':(customerForm.orgNumber.$invalid)}\" required \/><\/td>\n                <\/tr>\n                <tr>\n                    <td colspan=\"2\" class=\"formHeader\">Telefon v\u00e4xel:<\/td>\n                    <td colspan=\"4\" class=\"formField\"><input type=\"text\" ng-model=\"form.phoneExchange\" name=\"phoneExchange\" ng-pattern=\"phoneFormat\"  ng-class=\"{'error':(customerForm.phoneExchange.$invalid)}\" \/><\/td>\n                    <td colspan=\"2\" class=\"formHeader\">Telefon direkt:<\/td>\n                    <td colspan=\"4\" class=\"formField\"><input type=\"text\" ng-model=\"form.phone\" name=\"phone\" ng-pattern=\"phoneFormat\"  ng-class=\"{'error':(customerForm.phone.$invalid)}\" \/><\/td>\n                <\/tr>\n                <tr>\n                    <td colspan=\"2\" class=\"formHeader\">Mobil:<\/td>\n                    <td colspan=\"4\" class=\"formField\"><input type=\"text\" ng-model=\"form.mobile\" name=\"mobile\" ng-pattern=\"mobileFormat\" ng-class=\"{'error':(customerForm.mobile.$invalid)}\" \/><\/td>\n                    <td colspan=\"2\" class=\"formHeader\">Avdelning E-mail<span style=\"color:red\">*<\/span>:<\/td>\n                    <td colspan=\"4\" class=\"formField\"><input type=\"email\" name=\"emailDepartment\" ng-class=\"{'error':(customerForm.emailDepartment.$invalid)}\" ng-model=\"form.emailDepartment\" required \/><\/td>\n                <\/tr>\n                <tr>\n                    <td colspan=\"2\" class=\"formHeader\">Butiks\u00e4gare:<\/td>\n                    <td colspan=\"4\" class=\"formField\"><input type=\"text\" ng-model=\"form.shopOwner\" \/><\/td>\n                    <td colspan=\"2\" class=\"formHeader\">Butikschef:<\/td>\n                    <td colspan=\"4\" class=\"formField\"><input type=\"text\" ng-model=\"form.shopManager\" \/><\/td>\n                <\/tr>\n                <tr>\n                    <td colspan=\"2\" class=\"formHeader\">F\u00e4rskvaruansvarig:<\/td>\n                    <td colspan=\"4\" class=\"formField\"><input type=\"text\" ng-model=\"form.goodsManager\" \/><\/td>\n                    <td colspan=\"2\" class=\"formHeader\">Ansvarig frukt & Gr\u00f6nt:<\/td>\n                    <td colspan=\"4\" class=\"formField\"><input type=\"text\" ng-model=\"form.goodsResponsible\" \/><\/td>\n                <\/tr>\n                <tr>\n                    <td colspan=\"2\" class=\"formHeader\">Medarbetare frukt & gr\u00f6nt:<\/td>\n                    <td colspan=\"10\" class=\"formField\"><input type=\"text\" ng-model=\"form.goodsCoworker\" \/><\/td>\n                <\/tr>\n                <tr>\n                    <td colspan=\"2\" class=\"formHeader\">Butikens oms\u00e4ttning:<\/td>\n                    <td colspan=\"4\" class=\"formField\"><input type=\"text\" ng-model=\"form.turnover\" \/><\/td>\n                    <td colspan=\"2\" class=\"formHeader\">Uppskattad volym per best\u00e4llning:<\/td>\n                    <td colspan=\"4\" class=\"formField\"><input type=\"text\" ng-model=\"form.volume\" \/><\/td>\n                <\/tr>\n                <tr>\n                    <td colspan=\"2\" class=\"formHeader\">\u00d6nskas utk\u00f6rning:<\/td>\n                    <td colspan=\"4\" class=\"formField\"> <input style=\"width:20px\" type=\"checkbox\" ng-model=\"form.delivery\"><\/td>\n                    <td colspan=\"2\" class=\"formHeader\"><span ng-hide=\"!form.delivery\">Startdatum?:<\/span><\/td>\n                    <td colspan=\"4\" class=\"formField\"><input type=\"text\" ng-hide=\"!form.delivery\" ng-model=\"form.deliveryStartDate\" datepicker><\/td>\n                <\/tr>\n                <tr ng-hide=\"!form.delivery\">\n                    <td colspan=\"2\" class=\"formHeader\">Tidigast leveranstid:<\/td>\n                    <td colspan=\"4\" class=\"formField\"><select ng-model=\"form.deliveryEarliest\" ng-options=\"hour as hour.text for hour in hours\"><\/select><\/td>\n                    <td colspan=\"2\" class=\"formHeader\">Senast leveranstid:<\/td>\n                    <td colspan=\"4\" class=\"formField\"><select ng-model=\"form.deliveryLatest\" ng-options=\"hour as hour.text for hour in hours\"><\/select><\/td>\n                <\/tr>\n                <tr ng-hide=\"!form.delivery\">\n                    <td colspan=\"3\" class=\"formHeader\">Lossning vid Kaj<input style=\"width:20px\" type=\"checkbox\" ng-model=\"form.dock\" \/><\/td>\n                    <td colspan=\"3\" class=\"formHeader\">Finns Nycklar:<input style=\"width:20px\" type=\"checkbox\" ng-model=\"form.keys\" \/><\/td>\n                    <td colspan=\"3\" class=\"formHeader\">Trappor:<input style=\"width:20px\" type=\"checkbox\" ng-model=\"form.stairs\" \/><\/td>\n                    <td colspan=\"3\" class=\"formHeader\">Finns Hiss?<input style=\"width:20px\" type=\"checkbox\" ng-model=\"form.elevator\" \/><\/td>\n                <\/tr>\n                <tr ng-hide=\"!form.delivery\">\n                    <td colspan=\"3\" class=\"formHeader\"><span>Kodl\u00e5s? kod:<\/span>&nbsp;<input type=\"text\" style=\"width:40px;float:right\" ng-model=\"form.code\" \/><\/td>\n                    <td colspan=\"3\" class=\"formHeader\"><span>P\u00e5 plats fr\u00e5n kl:<\/span>&nbsp;<select style=\"width:70px;float:right\" ng-model=\"form.onSite\" ng-options=\"hour as hour.text for hour in hours\"><\/select><\/td>\n                    <td colspan=\"3\" class=\"formHeader\">Varor p\u00e5 pall:<input style=\"width:20px\" type=\"checkbox\" ng-model=\"form.pallet\" \/><\/td>\n                    <td colspan=\"3\" class=\"formHeader\">Varor p\u00e5 RC:<input style=\"width:20px\" type=\"checkbox\" ng-model=\"form.container\" \/><\/td>\n                <\/tr>\n                <tr ng-hide=\"!form.delivery\">\n                    <td colspan=\"2\" class=\"formHeader\">Antal leveransdagar:<\/td>\n                    <td colspan=\"10\" class=\"formField\">\n                        M\u00e5ndag<input style=\"width:20px\" type=\"checkbox\" ng-model=\"form.deliveryDay.mon\" \/>\n                        Tisdag<input style=\"width:20px\" type=\"checkbox\" ng-model=\"form.deliveryDay.tue\" \/>\n                        Onsdag<input style=\"width:20px\" type=\"checkbox\" ng-model=\"form.deliveryDay.wed\" \/>\n                        Torsdag<input style=\"width:20px\" type=\"checkbox\" ng-model=\"form.deliveryDay.thu\" \/>\n                        Fredag<input style=\"width:20px\" type=\"checkbox\" ng-model=\"form.deliveryDay.fri\" \/>\n                        L\u00f6rdag<input style=\"width:20px\" type=\"checkbox\" ng-model=\"form.deliveryDay.sat\" \/>\n                    <\/td>\n                <\/tr>\n                <tr>\n                    <td colspan=\"2\" class=\"formHeader\">\u00d6nskas betalning via autogiro:<\/td>\n                    <td colspan=\"4\" class=\"formField\"><input style=\"width:20px\" type=\"checkbox\" ng-model=\"form.autogiro\"><\/td>\n                    <td colspan=\"2\" class=\"formHeader\"><span ng-hide=\"!form.autogiro\">Bankgironr:<\/span><\/td>\n                    <td colspan=\"4\" class=\"formField\"><input  ng-hide=\"!form.autogiro\" type=\"text\" name=\"bankgiro\" ng-model=\"form.bankgiro\" ng-pattern=\"giroNumber\" ng-required=\"form.autogiro\" ng-class=\"{'error':(form.autogiro && customerForm.bankgiro.$invalid)}\" \/><\/td>\n                <tr>\n                <tr>\n                    <td colspan=\"2\" class=\"formHeader\">F\u00f6ljesedel p\u00e5 Email:<\/td>\n                    <td colspan=\"4\" class=\"formField\"><input style=\"width:20px\" type=\"checkbox\" ng-model=\"form.deliveryNoteToEmail\"><\/td>\n                    <td colspan=\"2\" class=\"formHeader\"><span ng-hide=\"!form.deliveryNoteToEmail\">F\u00f6ljesedel Email:<\/span><\/td>\n                    <td colspan=\"4\" class=\"formField\"><input ng-hide=\"!form.deliveryNoteToEmail\" type=\"text\" name=\"deliveryNoteEmail\" ng-pattern=\"emailFormat\" ng-class=\"{'error':(form.deliveryNoteToEmail && customerForm.deliveryNoteEmail.$invalid)}\" ng-model=\"form.deliveryNoteEmail\"  ng-required=\"form.deliveryNoteToEmail\"><\/td>\n                <\/tr>\n                <tr>\n                    <td colspan=\"2\" class=\"formHeader\">Faktura p\u00e5:<\/td>\n                    <td colspan=\"4\" class=\"formField\">\n                        E-post<input style=\"width:20px\" type=\"checkbox\" name=\"invoiceToEmail\" ng-model=\"form.invoiceToEmail\" \/>\n                        Brev<input style=\"width:20px\" type=\"checkbox\" disabled=\"disabled\" name=\"invoiceToLetter\" ng-model=\"form.invoiceToLetter\" \/>\n                    <\/td>\n                    <td colspan=\"2\" class=\"formHeader\"><span ng-hide=\"!form.invoiceToEmail\">Faktura E-mail:<\/span><\/td>\n                    <td colspan=\"4\" class=\"formField\"><input ng-hide=\"!form.invoiceToEmail\" type=\"email\" ng-class=\"{'error':(form.invoiceToEmail && customerForm.invoiceEmail.$invalid)}\" name=\"invoiceEmail\" ng-model=\"form.invoiceEmail\" ng-required=\"form.invoiceToEmail\" \/><\/td>\n                <\/tr>\n                <tr ng-hide=\"!form.invoiceToLetter && !form.invoiceToEmail\">\n                    <td colspan=\"2\" class=\"formHeader\">Fakturaadress:<\/td>\n                    <td colspan=\"4\" class=\"formField\"><input type=\"text\" ng-model=\"form.invoiceAddress\" name=\"invoiceAddress\" ng-required=\"form.invoiceToLetter || form.invoiceToEmail\" ng-class=\"{'error':(form.invoiceToLetter && customerForm.invoiceAddress.$invalid)}\" \/><\/td>\n                    <td colspan=\"2\" class=\"formHeader\">Fakt. postnummer\/ort:<\/td>\n                    <td colspan=\"4\" class=\"formField\"><input type=\"text\" ng-model=\"form.invoicePostAddress\" name=\"invoicePostAddress\" ng-required=\"form.invoiceToLetter || form.invoiceToEmail\" ng-class=\"{'error':(form.invoiceToLetter && customerForm.invoicePostAddress.$invalid)}\" \/><\/td>\n                <\/tr>\n                <tr style=\"height:30px\"><\/tr>\n                <tr>\n                    <td colspan=\"12\" class=\"formHeader\" style=\"text-align:left\">Efter att vi f\u00e5tt korrekt ifyllt nykundsdokumentet tillbaka via mail \u00e5terkommer vi med villkor g\u00e4llande fakturering, best\u00e4llning och leverans.<\/td>\n                <\/tr>\n                <tr style=\"height:30px\"><\/tr>\n                <tr>\n                    <td colspan=\"12\" class=\"text\" style=\"padding-left:3px;text-align:right\">\n                        <input style=\"width:13px;\" type=\"checkbox\" name=\"signed\" ng-model=\"form.signed\"\/><span style=\"font-size:13px;font-weight:bold\">Jag godk\u00e4nner <a href=\"\/webshop\/allmanna-villkor\/\" target=\"_blank\" >allm\u00e4nna villkoren<\/a><\/span>&nbsp;&nbsp;\n                        <input class=\"button\" type=\"button\" name=\"wp-submit\" ng-click=\"send()\" ng-disabled=\"customerForm.$invalid || !form.signed\" ng-class=\"{'disabled':(customerForm.$invalid || !form.signed)}\" value=\"Skicka\">\n                    <\/td>\n                <\/tr>\n                <!--\n                <tr>\n                    <td colspan=\"12\" class=\"text\" style=\"padding-left:3px;text-align:right\">  \n                        <ul>\n                            <li ng-repeat=\"(key, errors) in customerForm.$error track by $index\"> <strong>{{ key }}<\/strong> errors\n                                <ul>\n                                <li ng-repeat=\"e in errors\">{{ e.$name }} has an error: <strong>{{ key }}<\/strong>.<\/li>\n                                <\/ul>\n                            <\/li>\n                        <\/ul>\n                    <\/td>\n                <\/tr>\n                -->\n        <\/table>\n    <\/form>\n<\/div>\n\n\n<style>\n    #viewCustomerFormModal tr{\n        border:#e1e1e1;\n    }\n    #viewCustomerFormModal td{\n        border:none;\n    }\n    .formHeader {\n      border-right-width: 0px;\n      text-align:right;\n      font-weight: bold;\n    }\n\n    .error {\n        background-color: pink!important;\n    }\n\n    .disabled{\n        cursor:default;\n        background-color:grey!important;\n    }\n\n    #top .main_color input.error[type='email'],  #top .main_color input.error[type='email'],#top .main_color input.error[type='text'],  #top .main_color input.error[type='text']{\n        background-color: pink!important;\n    }\n\n    .formHeader span, .formHeader input, .formField input{\n        vertical-align: middle;\n    }\n    \n    .formField {\n      border-left-width: 0px;\n      text-align:left;\n    }\n\n    .formField input {\n        width:100%;\n    }\n<\/style>\n","protected":false},"excerpt":{"rendered":"","protected":false},"author":655,"featured_media":0,"parent":0,"menu_order":0,"comment_status":"closed","ping_status":"closed","template":"","meta":[],"acf":[],"_links":{"self":[{"href":"https:\/\/www.hebe.se\/webshop\/wp-json\/wp\/v2\/pages\/78703"}],"collection":[{"href":"https:\/\/www.hebe.se\/webshop\/wp-json\/wp\/v2\/pages"}],"about":[{"href":"https:\/\/www.hebe.se\/webshop\/wp-json\/wp\/v2\/types\/page"}],"author":[{"embeddable":true,"href":"https:\/\/www.hebe.se\/webshop\/wp-json\/wp\/v2\/users\/655"}],"replies":[{"embeddable":true,"href":"https:\/\/www.hebe.se\/webshop\/wp-json\/wp\/v2\/comments?post=78703"}],"version-history":[{"count":1,"href":"https:\/\/www.hebe.se\/webshop\/wp-json\/wp\/v2\/pages\/78703\/revisions"}],"predecessor-version":[{"id":78706,"href":"https:\/\/www.hebe.se\/webshop\/wp-json\/wp\/v2\/pages\/78703\/revisions\/78706"}],"wp:attachment":[{"href":"https:\/\/www.hebe.se\/webshop\/wp-json\/wp\/v2\/media?parent=78703"}],"curies":[{"name":"wp","href":"https:\/\/api.w.org\/{rel}","templated":true}]}}